{"id":9800,"date":"2026-03-06T15:05:07","date_gmt":"2026-03-06T14:05:07","guid":{"rendered":"https:\/\/www.ssp-trade.eu\/katalog\/?post_type=product&#038;p=9800"},"modified":"2026-03-06T15:05:08","modified_gmt":"2026-03-06T14:05:08","slug":"teba-karaage","status":"publish","type":"product","link":"https:\/\/www.ssp-trade.eu\/katalog\/produkt\/teba-karaage\/","title":{"rendered":"Teba Karaage"},"content":{"rendered":"<p>Gew\u00fcrzte H\u00e4hnchenfl\u00fcgel, tiefgefroren<\/p>\n","protected":false},"excerpt":{"rendered":"<p>Gew\u00fcrzte H\u00e4hnchenfl\u00fcgel, tiefgefroren<\/p>\n","protected":false},"featured_media":9803,"template":"","meta":{"_uag_custom_page_level_css":"","site-sidebar-layout":"default","site-content-layout":"","ast-site-content-layout":"default","site-content-style":"default","site-sidebar-style":"default","ast-global-header-display":"","ast-banner-title-visibility":"","ast-main-header-display":"","ast-hfb-above-header-display":"","ast-hfb-below-header-display":"","ast-hfb-mobile-header-display":"","site-post-title":"","ast-breadcrumbs-content":"","ast-featured-img":"","footer-sml-layout":"","theme-transparent-header-meta":"default","adv-header-id-meta":"","stick-header-meta":"","header-above-stick-meta":"","header-main-stick-meta":"","header-below-stick-meta":"","astra-migrate-meta-layouts":"set","ast-page-background-enabled":"default","ast-page-background-meta":{"desktop":{"background-color":"","background-image":"","background-repeat":"repeat","background-position":"center center","background-size":"auto","background-attachment":"scroll","background-type":"","background-media":"","overlay-type":"","overlay-color":"","overlay-opacity":"","overlay-gradient":""},"tablet":{"background-color":"","background-image":"","background-repeat":"repeat","background-position":"center center","background-size":"auto","background-attachment":"scroll","background-type":"","background-media":"","overlay-type":"","overlay-color":"","overlay-opacity":"","overlay-gradient":""},"mobile":{"background-color":"","background-image":"","background-repeat":"repeat","background-position":"center center","background-size":"auto","background-attachment":"scroll","background-type":"","background-media":"","overlay-type":"","overlay-color":"","overlay-opacity":"","overlay-gradient":""}},"ast-content-background-meta":{"desktop":{"background-color":"var(--ast-global-color-5)","background-image":"","background-repeat":"repeat","background-position":"center center","background-size":"auto","background-attachment":"scroll","background-type":"","background-media":"","overlay-type":"","overlay-color":"","overlay-opacity":"","overlay-gradient":""},"tablet":{"background-color":"var(--ast-global-color-5)","background-image":"","background-repeat":"repeat","background-position":"center center","background-size":"auto","background-attachment":"scroll","background-type":"","background-media":"","overlay-type":"","overlay-color":"","overlay-opacity":"","overlay-gradient":""},"mobile":{"background-color":"var(--ast-global-color-5)","background-image":"","background-repeat":"repeat","background-position":"center center","background-size":"auto","background-attachment":"scroll","background-type":"","background-media":"","overlay-type":"","overlay-color":"","overlay-opacity":"","overlay-gradient":""}}},"product_brand":[137],"product_cat":[108,264,260,268],"product_tag":[],"class_list":{"0":"post-9800","1":"product","2":"type-product","3":"status-publish","4":"has-post-thumbnail","6":"product_brand-shirakiku","7":"product_cat-neue-produkte","8":"product_cat-tiefkuehlwaren","9":"product_cat-tiefkuehlprodukte","10":"product_cat-verarbeitete-huehnerfleischprodukte","11":"desktop-align-center","12":"tablet-align-center","13":"mobile-align-center","15":"first","16":"instock","17":"taxable","18":"shipping-taxable","19":"product-type-simple"},"yoast_head":"<!-- This site is optimized with the Yoast SEO plugin v26.2 - https:\/\/yoast.com\/wordpress\/plugins\/seo\/ -->\n<title>Teba Karaage - SSP - Webkatalog<\/title>\n<meta name=\"robots\" content=\"index, follow, max-snippet:-1, max-image-preview:large, max-video-preview:-1\" \/>\n<link rel=\"canonical\" href=\"https:\/\/www.ssp-trade.eu\/katalog\/produkt\/teba-karaage\/\" \/>\n<meta property=\"og:locale\" content=\"de_DE\" \/>\n<meta property=\"og:type\" content=\"article\" \/>\n<meta property=\"og:title\" content=\"Teba Karaage - SSP - Webkatalog\" \/>\n<meta property=\"og:description\" content=\"Gew\u00fcrzte H\u00e4hnchenfl\u00fcgel, tiefgefroren\" \/>\n<meta property=\"og:url\" content=\"https:\/\/www.ssp-trade.eu\/katalog\/produkt\/teba-karaage\/\" \/>\n<meta property=\"og:site_name\" content=\"SSP - Webkatalog\" \/>\n<meta property=\"article:modified_time\" content=\"2026-03-06T14:05:08+00:00\" \/>\n<meta property=\"og:image\" content=\"https:\/\/www.ssp-trade.eu\/katalog\/wp-content\/uploads\/2026\/03\/Q352_1.jpg\" \/>\n\t<meta property=\"og:image:width\" content=\"1080\" \/>\n\t<meta property=\"og:image:height\" content=\"1920\" \/>\n\t<meta property=\"og:image:type\" content=\"image\/jpeg\" \/>\n<meta name=\"twitter:card\" content=\"summary_large_image\" \/>\n<meta name=\"twitter:label1\" content=\"Gesch\u00e4tzte Lesezeit\" \/>\n\t<meta name=\"twitter:data1\" content=\"1\u00a0Minute\" \/>\n<script type=\"application\/ld+json\" class=\"yoast-schema-graph\">{\"@context\":\"https:\/\/schema.org\",\"@graph\":[{\"@type\":\"WebPage\",\"@id\":\"https:\/\/www.ssp-trade.eu\/katalog\/produkt\/teba-karaage\/\",\"url\":\"https:\/\/www.ssp-trade.eu\/katalog\/produkt\/teba-karaage\/\",\"name\":\"Teba Karaage - SSP - Webkatalog\",\"isPartOf\":{\"@id\":\"https:\/\/www.ssp-trade.eu\/katalog\/#website\"},\"primaryImageOfPage\":{\"@id\":\"https:\/\/www.ssp-trade.eu\/katalog\/produkt\/teba-karaage\/#primaryimage\"},\"image\":{\"@id\":\"https:\/\/www.ssp-trade.eu\/katalog\/produkt\/teba-karaage\/#primaryimage\"},\"thumbnailUrl\":\"https:\/\/www.ssp-trade.eu\/katalog\/wp-content\/uploads\/2026\/03\/Q352_1.jpg\",\"datePublished\":\"2026-03-06T14:05:07+00:00\",\"dateModified\":\"2026-03-06T14:05:08+00:00\",\"breadcrumb\":{\"@id\":\"https:\/\/www.ssp-trade.eu\/katalog\/produkt\/teba-karaage\/#breadcrumb\"},\"inLanguage\":\"de\",\"potentialAction\":[{\"@type\":\"ReadAction\",\"target\":[\"https:\/\/www.ssp-trade.eu\/katalog\/produkt\/teba-karaage\/\"]}]},{\"@type\":\"ImageObject\",\"inLanguage\":\"de\",\"@id\":\"https:\/\/www.ssp-trade.eu\/katalog\/produkt\/teba-karaage\/#primaryimage\",\"url\":\"https:\/\/www.ssp-trade.eu\/katalog\/wp-content\/uploads\/2026\/03\/Q352_1.jpg\",\"contentUrl\":\"https:\/\/www.ssp-trade.eu\/katalog\/wp-content\/uploads\/2026\/03\/Q352_1.jpg\",\"width\":1080,\"height\":1920},{\"@type\":\"BreadcrumbList\",\"@id\":\"https:\/\/www.ssp-trade.eu\/katalog\/produkt\/teba-karaage\/#breadcrumb\",\"itemListElement\":[{\"@type\":\"ListItem\",\"position\":1,\"name\":\"Startseite\",\"item\":\"https:\/\/www.ssp-trade.eu\/katalog\/\"},{\"@type\":\"ListItem\",\"position\":2,\"name\":\"Produkte\",\"item\":\"https:\/\/www.ssp-trade.eu\/katalog\/produkte\/\"},{\"@type\":\"ListItem\",\"position\":3,\"name\":\"Teba Karaage\"}]},{\"@type\":\"WebSite\",\"@id\":\"https:\/\/www.ssp-trade.eu\/katalog\/#website\",\"url\":\"https:\/\/www.ssp-trade.eu\/katalog\/\",\"name\":\"SSP - Webkatalog\",\"description\":\"\",\"publisher\":{\"@id\":\"https:\/\/www.ssp-trade.eu\/katalog\/#organization\"},\"potentialAction\":[{\"@type\":\"SearchAction\",\"target\":{\"@type\":\"EntryPoint\",\"urlTemplate\":\"https:\/\/www.ssp-trade.eu\/katalog\/?s={search_term_string}\"},\"query-input\":{\"@type\":\"PropertyValueSpecification\",\"valueRequired\":true,\"valueName\":\"search_term_string\"}}],\"inLanguage\":\"de\"},{\"@type\":\"Organization\",\"@id\":\"https:\/\/www.ssp-trade.eu\/katalog\/#organization\",\"name\":\"SSP - Webkatalog\",\"url\":\"https:\/\/www.ssp-trade.eu\/katalog\/\",\"logo\":{\"@type\":\"ImageObject\",\"inLanguage\":\"de\",\"@id\":\"https:\/\/www.ssp-trade.eu\/katalog\/#\/schema\/logo\/image\/\",\"url\":\"https:\/\/www.ssp-trade.eu\/katalog\/wp-content\/uploads\/2025\/01\/logo-1.png\",\"contentUrl\":\"https:\/\/www.ssp-trade.eu\/katalog\/wp-content\/uploads\/2025\/01\/logo-1.png\",\"width\":350,\"height\":177,\"caption\":\"SSP - Webkatalog\"},\"image\":{\"@id\":\"https:\/\/www.ssp-trade.eu\/katalog\/#\/schema\/logo\/image\/\"}}]}<\/script>\n<!-- \/ Yoast SEO plugin. -->","yoast_head_json":{"title":"Teba Karaage - SSP - Webkatalog","robots":{"index":"index","follow":"follow","max-snippet":"max-snippet:-1","max-image-preview":"max-image-preview:large","max-video-preview":"max-video-preview:-1"},"canonical":"https:\/\/www.ssp-trade.eu\/katalog\/produkt\/teba-karaage\/","og_locale":"de_DE","og_type":"article","og_title":"Teba Karaage - SSP - Webkatalog","og_description":"Gew\u00fcrzte H\u00e4hnchenfl\u00fcgel, tiefgefroren","og_url":"https:\/\/www.ssp-trade.eu\/katalog\/produkt\/teba-karaage\/","og_site_name":"SSP - Webkatalog","article_modified_time":"2026-03-06T14:05:08+00:00","og_image":[{"width":1080,"height":1920,"url":"https:\/\/www.ssp-trade.eu\/katalog\/wp-content\/uploads\/2026\/03\/Q352_1.jpg","type":"image\/jpeg"}],"twitter_card":"summary_large_image","twitter_misc":{"Gesch\u00e4tzte Lesezeit":"1\u00a0Minute"},"schema":{"@context":"https:\/\/schema.org","@graph":[{"@type":"WebPage","@id":"https:\/\/www.ssp-trade.eu\/katalog\/produkt\/teba-karaage\/","url":"https:\/\/www.ssp-trade.eu\/katalog\/produkt\/teba-karaage\/","name":"Teba Karaage - SSP - Webkatalog","isPartOf":{"@id":"https:\/\/www.ssp-trade.eu\/katalog\/#website"},"primaryImageOfPage":{"@id":"https:\/\/www.ssp-trade.eu\/katalog\/produkt\/teba-karaage\/#primaryimage"},"image":{"@id":"https:\/\/www.ssp-trade.eu\/katalog\/produkt\/teba-karaage\/#primaryimage"},"thumbnailUrl":"https:\/\/www.ssp-trade.eu\/katalog\/wp-content\/uploads\/2026\/03\/Q352_1.jpg","datePublished":"2026-03-06T14:05:07+00:00","dateModified":"2026-03-06T14:05:08+00:00","breadcrumb":{"@id":"https:\/\/www.ssp-trade.eu\/katalog\/produkt\/teba-karaage\/#breadcrumb"},"inLanguage":"de","potentialAction":[{"@type":"ReadAction","target":["https:\/\/www.ssp-trade.eu\/katalog\/produkt\/teba-karaage\/"]}]},{"@type":"ImageObject","inLanguage":"de","@id":"https:\/\/www.ssp-trade.eu\/katalog\/produkt\/teba-karaage\/#primaryimage","url":"https:\/\/www.ssp-trade.eu\/katalog\/wp-content\/uploads\/2026\/03\/Q352_1.jpg","contentUrl":"https:\/\/www.ssp-trade.eu\/katalog\/wp-content\/uploads\/2026\/03\/Q352_1.jpg","width":1080,"height":1920},{"@type":"BreadcrumbList","@id":"https:\/\/www.ssp-trade.eu\/katalog\/produkt\/teba-karaage\/#breadcrumb","itemListElement":[{"@type":"ListItem","position":1,"name":"Startseite","item":"https:\/\/www.ssp-trade.eu\/katalog\/"},{"@type":"ListItem","position":2,"name":"Produkte","item":"https:\/\/www.ssp-trade.eu\/katalog\/produkte\/"},{"@type":"ListItem","position":3,"name":"Teba Karaage"}]},{"@type":"WebSite","@id":"https:\/\/www.ssp-trade.eu\/katalog\/#website","url":"https:\/\/www.ssp-trade.eu\/katalog\/","name":"SSP - Webkatalog","description":"","publisher":{"@id":"https:\/\/www.ssp-trade.eu\/katalog\/#organization"},"potentialAction":[{"@type":"SearchAction","target":{"@type":"EntryPoint","urlTemplate":"https:\/\/www.ssp-trade.eu\/katalog\/?s={search_term_string}"},"query-input":{"@type":"PropertyValueSpecification","valueRequired":true,"valueName":"search_term_string"}}],"inLanguage":"de"},{"@type":"Organization","@id":"https:\/\/www.ssp-trade.eu\/katalog\/#organization","name":"SSP - Webkatalog","url":"https:\/\/www.ssp-trade.eu\/katalog\/","logo":{"@type":"ImageObject","inLanguage":"de","@id":"https:\/\/www.ssp-trade.eu\/katalog\/#\/schema\/logo\/image\/","url":"https:\/\/www.ssp-trade.eu\/katalog\/wp-content\/uploads\/2025\/01\/logo-1.png","contentUrl":"https:\/\/www.ssp-trade.eu\/katalog\/wp-content\/uploads\/2025\/01\/logo-1.png","width":350,"height":177,"caption":"SSP - Webkatalog"},"image":{"@id":"https:\/\/www.ssp-trade.eu\/katalog\/#\/schema\/logo\/image\/"}}]}},"uagb_featured_image_src":{"full":["https:\/\/www.ssp-trade.eu\/katalog\/wp-content\/uploads\/2026\/03\/Q352_1.jpg",1080,1920,false],"thumbnail":["https:\/\/www.ssp-trade.eu\/katalog\/wp-content\/uploads\/2026\/03\/Q352_1-150x150.jpg",150,150,true],"medium":["https:\/\/www.ssp-trade.eu\/katalog\/wp-content\/uploads\/2026\/03\/Q352_1-169x300.jpg",169,300,true],"medium_large":["https:\/\/www.ssp-trade.eu\/katalog\/wp-content\/uploads\/2026\/03\/Q352_1-768x1365.jpg",768,1365,true],"large":["https:\/\/www.ssp-trade.eu\/katalog\/wp-content\/uploads\/2026\/03\/Q352_1-576x1024.jpg",576,1024,true],"1536x1536":["https:\/\/www.ssp-trade.eu\/katalog\/wp-content\/uploads\/2026\/03\/Q352_1-864x1536.jpg",864,1536,true],"2048x2048":["https:\/\/www.ssp-trade.eu\/katalog\/wp-content\/uploads\/2026\/03\/Q352_1.jpg",1080,1920,false],"woocommerce_thumbnail":["https:\/\/www.ssp-trade.eu\/katalog\/wp-content\/uploads\/2026\/03\/Q352_1-300x533.jpg",300,533,true],"woocommerce_single":["https:\/\/www.ssp-trade.eu\/katalog\/wp-content\/uploads\/2026\/03\/Q352_1-600x1067.jpg",600,1067,true],"woocommerce_gallery_thumbnail":["https:\/\/www.ssp-trade.eu\/katalog\/wp-content\/uploads\/2026\/03\/Q352_1-100x100.jpg",100,100,true]},"uagb_author_info":{"display_name":"Farwah Maqbool","author_link":"https:\/\/www.ssp-trade.eu\/katalog\/author\/"},"uagb_comment_info":0,"uagb_excerpt":"Gew\u00fcrzte H\u00e4hnchenfl\u00fcgel, tiefgefroren","_links":{"self":[{"href":"https:\/\/www.ssp-trade.eu\/katalog\/wp-json\/wp\/v2\/product\/9800","targetHints":{"allow":["GET"]}}],"collection":[{"href":"https:\/\/www.ssp-trade.eu\/katalog\/wp-json\/wp\/v2\/product"}],"about":[{"href":"https:\/\/www.ssp-trade.eu\/katalog\/wp-json\/wp\/v2\/types\/product"}],"wp:featuredmedia":[{"embeddable":true,"href":"https:\/\/www.ssp-trade.eu\/katalog\/wp-json\/wp\/v2\/media\/9803"}],"wp:attachment":[{"href":"https:\/\/www.ssp-trade.eu\/katalog\/wp-json\/wp\/v2\/media?parent=9800"}],"wp:term":[{"taxonomy":"product_brand","embeddable":true,"href":"https:\/\/www.ssp-trade.eu\/katalog\/wp-json\/wp\/v2\/product_brand?post=9800"},{"taxonomy":"product_cat","embeddable":true,"href":"https:\/\/www.ssp-trade.eu\/katalog\/wp-json\/wp\/v2\/product_cat?post=9800"},{"taxonomy":"product_tag","embeddable":true,"href":"https:\/\/www.ssp-trade.eu\/katalog\/wp-json\/wp\/v2\/product_tag?post=9800"}],"curies":[{"name":"wp","href":"https:\/\/api.w.org\/{rel}","templated":true}]}}