{"id":8365,"date":"2025-03-05T12:18:53","date_gmt":"2025-03-05T11:18:53","guid":{"rendered":"https:\/\/www.ssp-trade.eu\/katalog\/produkt\/bdaizu-meat-man-2pcs\/"},"modified":"2026-01-13T17:24:08","modified_gmt":"2026-01-13T16:24:08","slug":"bdaizu-meat-man-2pcs","status":"publish","type":"product","link":"https:\/\/www.ssp-trade.eu\/katalog\/produkt\/bdaizu-meat-man-2pcs\/","title":{"rendered":"(B)Daizu Meat Man 2pcs"},"content":{"rendered":"<p>Ged\u00e4mpfte Br\u00f6tchen mit vegetarischer F\u00fcllung<\/p>\n","protected":false},"excerpt":{"rendered":"<p>Ged\u00e4mpfte Br\u00f6tchen mit vegetarischer F\u00fcllung<\/p>\n","protected":false},"featured_media":9699,"template":"","meta":{"_uag_custom_page_level_css":"","site-sidebar-layout":"default","site-content-layout":"","ast-site-content-layout":"default","site-content-style":"default","site-sidebar-style":"default","ast-global-header-display":"","ast-banner-title-visibility":"","ast-main-header-display":"","ast-hfb-above-header-display":"","ast-hfb-below-header-display":"","ast-hfb-mobile-header-display":"","site-post-title":"","ast-breadcrumbs-content":"","ast-featured-img":"","footer-sml-layout":"","theme-transparent-header-meta":"default","adv-header-id-meta":"","stick-header-meta":"","header-above-stick-meta":"","header-main-stick-meta":"","header-below-stick-meta":"","astra-migrate-meta-layouts":"set","ast-page-background-enabled":"default","ast-page-background-meta":{"desktop":{"background-color":"","background-image":"","background-repeat":"repeat","background-position":"center center","background-size":"auto","background-attachment":"scroll","background-type":"","background-media":"","overlay-type":"","overlay-color":"","overlay-opacity":"","overlay-gradient":""},"tablet":{"background-color":"","background-image":"","background-repeat":"repeat","background-position":"center center","background-size":"auto","background-attachment":"scroll","background-type":"","background-media":"","overlay-type":"","overlay-color":"","overlay-opacity":"","overlay-gradient":""},"mobile":{"background-color":"","background-image":"","background-repeat":"repeat","background-position":"center center","background-size":"auto","background-attachment":"scroll","background-type":"","background-media":"","overlay-type":"","overlay-color":"","overlay-opacity":"","overlay-gradient":""}},"ast-content-background-meta":{"desktop":{"background-color":"var(--ast-global-color-5)","background-image":"","background-repeat":"repeat","background-position":"center center","background-size":"auto","background-attachment":"scroll","background-type":"","background-media":"","overlay-type":"","overlay-color":"","overlay-opacity":"","overlay-gradient":""},"tablet":{"background-color":"var(--ast-global-color-5)","background-image":"","background-repeat":"repeat","background-position":"center center","background-size":"auto","background-attachment":"scroll","background-type":"","background-media":"","overlay-type":"","overlay-color":"","overlay-opacity":"","overlay-gradient":""},"mobile":{"background-color":"var(--ast-global-color-5)","background-image":"","background-repeat":"repeat","background-position":"center center","background-size":"auto","background-attachment":"scroll","background-type":"","background-media":"","overlay-type":"","overlay-color":"","overlay-opacity":"","overlay-gradient":""}}},"product_brand":[187],"product_cat":[114,264,260,284],"product_tag":[],"class_list":{"0":"post-8365","1":"product","2":"type-product","3":"status-publish","4":"has-post-thumbnail","6":"product_brand-imuraya","7":"product_cat-b","8":"product_cat-tiefkuehlwaren","9":"product_cat-tiefkuehlprodukte","10":"product_cat-dim-sum","11":"desktop-align-center","12":"tablet-align-center","13":"mobile-align-center","15":"first","16":"instock","17":"product-type-simple"},"yoast_head":"<!-- This site is optimized with the Yoast SEO plugin v26.2 - https:\/\/yoast.com\/wordpress\/plugins\/seo\/ -->\n<title>(B)Daizu Meat Man 2pcs - SSP - Webkatalog<\/title>\n<meta name=\"robots\" content=\"index, follow, max-snippet:-1, max-image-preview:large, max-video-preview:-1\" \/>\n<link rel=\"canonical\" href=\"https:\/\/www.ssp-trade.eu\/katalog\/produkt\/bdaizu-meat-man-2pcs\/\" \/>\n<meta property=\"og:locale\" content=\"de_DE\" \/>\n<meta property=\"og:type\" content=\"article\" \/>\n<meta property=\"og:title\" content=\"(B)Daizu Meat Man 2pcs - SSP - Webkatalog\" \/>\n<meta property=\"og:description\" content=\"Ged\u00e4mpfte Br\u00f6tchen mit vegetarischer F\u00fcllung\" \/>\n<meta property=\"og:url\" content=\"https:\/\/www.ssp-trade.eu\/katalog\/produkt\/bdaizu-meat-man-2pcs\/\" \/>\n<meta property=\"og:site_name\" content=\"SSP - Webkatalog\" \/>\n<meta property=\"article:modified_time\" content=\"2026-01-13T16:24:08+00:00\" \/>\n<meta property=\"og:image\" content=\"https:\/\/www.ssp-trade.eu\/katalog\/wp-content\/uploads\/2025\/03\/Q315-1.png\" \/>\n\t<meta property=\"og:image:width\" content=\"1080\" \/>\n\t<meta property=\"og:image:height\" content=\"1080\" \/>\n\t<meta property=\"og:image:type\" content=\"image\/png\" \/>\n<meta name=\"twitter:card\" content=\"summary_large_image\" \/>\n<meta name=\"twitter:label1\" content=\"Gesch\u00e4tzte Lesezeit\" \/>\n\t<meta name=\"twitter:data1\" content=\"1\u00a0Minute\" \/>\n<script type=\"application\/ld+json\" class=\"yoast-schema-graph\">{\"@context\":\"https:\/\/schema.org\",\"@graph\":[{\"@type\":\"WebPage\",\"@id\":\"https:\/\/www.ssp-trade.eu\/katalog\/produkt\/bdaizu-meat-man-2pcs\/\",\"url\":\"https:\/\/www.ssp-trade.eu\/katalog\/produkt\/bdaizu-meat-man-2pcs\/\",\"name\":\"(B)Daizu Meat Man 2pcs - SSP - Webkatalog\",\"isPartOf\":{\"@id\":\"https:\/\/www.ssp-trade.eu\/katalog\/#website\"},\"primaryImageOfPage\":{\"@id\":\"https:\/\/www.ssp-trade.eu\/katalog\/produkt\/bdaizu-meat-man-2pcs\/#primaryimage\"},\"image\":{\"@id\":\"https:\/\/www.ssp-trade.eu\/katalog\/produkt\/bdaizu-meat-man-2pcs\/#primaryimage\"},\"thumbnailUrl\":\"https:\/\/www.ssp-trade.eu\/katalog\/wp-content\/uploads\/2025\/03\/Q315-1.png\",\"datePublished\":\"2025-03-05T11:18:53+00:00\",\"dateModified\":\"2026-01-13T16:24:08+00:00\",\"breadcrumb\":{\"@id\":\"https:\/\/www.ssp-trade.eu\/katalog\/produkt\/bdaizu-meat-man-2pcs\/#breadcrumb\"},\"inLanguage\":\"de\",\"potentialAction\":[{\"@type\":\"ReadAction\",\"target\":[\"https:\/\/www.ssp-trade.eu\/katalog\/produkt\/bdaizu-meat-man-2pcs\/\"]}]},{\"@type\":\"ImageObject\",\"inLanguage\":\"de\",\"@id\":\"https:\/\/www.ssp-trade.eu\/katalog\/produkt\/bdaizu-meat-man-2pcs\/#primaryimage\",\"url\":\"https:\/\/www.ssp-trade.eu\/katalog\/wp-content\/uploads\/2025\/03\/Q315-1.png\",\"contentUrl\":\"https:\/\/www.ssp-trade.eu\/katalog\/wp-content\/uploads\/2025\/03\/Q315-1.png\",\"width\":1080,\"height\":1080},{\"@type\":\"BreadcrumbList\",\"@id\":\"https:\/\/www.ssp-trade.eu\/katalog\/produkt\/bdaizu-meat-man-2pcs\/#breadcrumb\",\"itemListElement\":[{\"@type\":\"ListItem\",\"position\":1,\"name\":\"Startseite\",\"item\":\"https:\/\/www.ssp-trade.eu\/katalog\/\"},{\"@type\":\"ListItem\",\"position\":2,\"name\":\"Produkte\",\"item\":\"https:\/\/www.ssp-trade.eu\/katalog\/produkte\/\"},{\"@type\":\"ListItem\",\"position\":3,\"name\":\"(B)Daizu Meat Man 2pcs\"}]},{\"@type\":\"WebSite\",\"@id\":\"https:\/\/www.ssp-trade.eu\/katalog\/#website\",\"url\":\"https:\/\/www.ssp-trade.eu\/katalog\/\",\"name\":\"SSP - Webkatalog\",\"description\":\"\",\"publisher\":{\"@id\":\"https:\/\/www.ssp-trade.eu\/katalog\/#organization\"},\"potentialAction\":[{\"@type\":\"SearchAction\",\"target\":{\"@type\":\"EntryPoint\",\"urlTemplate\":\"https:\/\/www.ssp-trade.eu\/katalog\/?s={search_term_string}\"},\"query-input\":{\"@type\":\"PropertyValueSpecification\",\"valueRequired\":true,\"valueName\":\"search_term_string\"}}],\"inLanguage\":\"de\"},{\"@type\":\"Organization\",\"@id\":\"https:\/\/www.ssp-trade.eu\/katalog\/#organization\",\"name\":\"SSP - Webkatalog\",\"url\":\"https:\/\/www.ssp-trade.eu\/katalog\/\",\"logo\":{\"@type\":\"ImageObject\",\"inLanguage\":\"de\",\"@id\":\"https:\/\/www.ssp-trade.eu\/katalog\/#\/schema\/logo\/image\/\",\"url\":\"https:\/\/www.ssp-trade.eu\/katalog\/wp-content\/uploads\/2025\/01\/logo-1.png\",\"contentUrl\":\"https:\/\/www.ssp-trade.eu\/katalog\/wp-content\/uploads\/2025\/01\/logo-1.png\",\"width\":350,\"height\":177,\"caption\":\"SSP - Webkatalog\"},\"image\":{\"@id\":\"https:\/\/www.ssp-trade.eu\/katalog\/#\/schema\/logo\/image\/\"}}]}<\/script>\n<!-- \/ Yoast SEO plugin. -->","yoast_head_json":{"title":"(B)Daizu Meat Man 2pcs - SSP - Webkatalog","robots":{"index":"index","follow":"follow","max-snippet":"max-snippet:-1","max-image-preview":"max-image-preview:large","max-video-preview":"max-video-preview:-1"},"canonical":"https:\/\/www.ssp-trade.eu\/katalog\/produkt\/bdaizu-meat-man-2pcs\/","og_locale":"de_DE","og_type":"article","og_title":"(B)Daizu Meat Man 2pcs - SSP - Webkatalog","og_description":"Ged\u00e4mpfte Br\u00f6tchen mit vegetarischer F\u00fcllung","og_url":"https:\/\/www.ssp-trade.eu\/katalog\/produkt\/bdaizu-meat-man-2pcs\/","og_site_name":"SSP - Webkatalog","article_modified_time":"2026-01-13T16:24:08+00:00","og_image":[{"width":1080,"height":1080,"url":"https:\/\/www.ssp-trade.eu\/katalog\/wp-content\/uploads\/2025\/03\/Q315-1.png","type":"image\/png"}],"twitter_card":"summary_large_image","twitter_misc":{"Gesch\u00e4tzte Lesezeit":"1\u00a0Minute"},"schema":{"@context":"https:\/\/schema.org","@graph":[{"@type":"WebPage","@id":"https:\/\/www.ssp-trade.eu\/katalog\/produkt\/bdaizu-meat-man-2pcs\/","url":"https:\/\/www.ssp-trade.eu\/katalog\/produkt\/bdaizu-meat-man-2pcs\/","name":"(B)Daizu Meat Man 2pcs - SSP - Webkatalog","isPartOf":{"@id":"https:\/\/www.ssp-trade.eu\/katalog\/#website"},"primaryImageOfPage":{"@id":"https:\/\/www.ssp-trade.eu\/katalog\/produkt\/bdaizu-meat-man-2pcs\/#primaryimage"},"image":{"@id":"https:\/\/www.ssp-trade.eu\/katalog\/produkt\/bdaizu-meat-man-2pcs\/#primaryimage"},"thumbnailUrl":"https:\/\/www.ssp-trade.eu\/katalog\/wp-content\/uploads\/2025\/03\/Q315-1.png","datePublished":"2025-03-05T11:18:53+00:00","dateModified":"2026-01-13T16:24:08+00:00","breadcrumb":{"@id":"https:\/\/www.ssp-trade.eu\/katalog\/produkt\/bdaizu-meat-man-2pcs\/#breadcrumb"},"inLanguage":"de","potentialAction":[{"@type":"ReadAction","target":["https:\/\/www.ssp-trade.eu\/katalog\/produkt\/bdaizu-meat-man-2pcs\/"]}]},{"@type":"ImageObject","inLanguage":"de","@id":"https:\/\/www.ssp-trade.eu\/katalog\/produkt\/bdaizu-meat-man-2pcs\/#primaryimage","url":"https:\/\/www.ssp-trade.eu\/katalog\/wp-content\/uploads\/2025\/03\/Q315-1.png","contentUrl":"https:\/\/www.ssp-trade.eu\/katalog\/wp-content\/uploads\/2025\/03\/Q315-1.png","width":1080,"height":1080},{"@type":"BreadcrumbList","@id":"https:\/\/www.ssp-trade.eu\/katalog\/produkt\/bdaizu-meat-man-2pcs\/#breadcrumb","itemListElement":[{"@type":"ListItem","position":1,"name":"Startseite","item":"https:\/\/www.ssp-trade.eu\/katalog\/"},{"@type":"ListItem","position":2,"name":"Produkte","item":"https:\/\/www.ssp-trade.eu\/katalog\/produkte\/"},{"@type":"ListItem","position":3,"name":"(B)Daizu Meat Man 2pcs"}]},{"@type":"WebSite","@id":"https:\/\/www.ssp-trade.eu\/katalog\/#website","url":"https:\/\/www.ssp-trade.eu\/katalog\/","name":"SSP - Webkatalog","description":"","publisher":{"@id":"https:\/\/www.ssp-trade.eu\/katalog\/#organization"},"potentialAction":[{"@type":"SearchAction","target":{"@type":"EntryPoint","urlTemplate":"https:\/\/www.ssp-trade.eu\/katalog\/?s={search_term_string}"},"query-input":{"@type":"PropertyValueSpecification","valueRequired":true,"valueName":"search_term_string"}}],"inLanguage":"de"},{"@type":"Organization","@id":"https:\/\/www.ssp-trade.eu\/katalog\/#organization","name":"SSP - Webkatalog","url":"https:\/\/www.ssp-trade.eu\/katalog\/","logo":{"@type":"ImageObject","inLanguage":"de","@id":"https:\/\/www.ssp-trade.eu\/katalog\/#\/schema\/logo\/image\/","url":"https:\/\/www.ssp-trade.eu\/katalog\/wp-content\/uploads\/2025\/01\/logo-1.png","contentUrl":"https:\/\/www.ssp-trade.eu\/katalog\/wp-content\/uploads\/2025\/01\/logo-1.png","width":350,"height":177,"caption":"SSP - Webkatalog"},"image":{"@id":"https:\/\/www.ssp-trade.eu\/katalog\/#\/schema\/logo\/image\/"}}]}},"uagb_featured_image_src":{"full":["https:\/\/www.ssp-trade.eu\/katalog\/wp-content\/uploads\/2025\/03\/Q315-1.png",1080,1080,false],"thumbnail":["https:\/\/www.ssp-trade.eu\/katalog\/wp-content\/uploads\/2025\/03\/Q315-1-150x150.png",150,150,true],"medium":["https:\/\/www.ssp-trade.eu\/katalog\/wp-content\/uploads\/2025\/03\/Q315-1-300x300.png",300,300,true],"medium_large":["https:\/\/www.ssp-trade.eu\/katalog\/wp-content\/uploads\/2025\/03\/Q315-1-768x768.png",768,768,true],"large":["https:\/\/www.ssp-trade.eu\/katalog\/wp-content\/uploads\/2025\/03\/Q315-1-1024x1024.png",1024,1024,true],"1536x1536":["https:\/\/www.ssp-trade.eu\/katalog\/wp-content\/uploads\/2025\/03\/Q315-1.png",1080,1080,false],"2048x2048":["https:\/\/www.ssp-trade.eu\/katalog\/wp-content\/uploads\/2025\/03\/Q315-1.png",1080,1080,false],"woocommerce_thumbnail":["https:\/\/www.ssp-trade.eu\/katalog\/wp-content\/uploads\/2025\/03\/Q315-1-300x300.png",300,300,true],"woocommerce_single":["https:\/\/www.ssp-trade.eu\/katalog\/wp-content\/uploads\/2025\/03\/Q315-1-600x600.png",600,600,true],"woocommerce_gallery_thumbnail":["https:\/\/www.ssp-trade.eu\/katalog\/wp-content\/uploads\/2025\/03\/Q315-1-100x100.png",100,100,true]},"uagb_author_info":{"display_name":"credia","author_link":"https:\/\/www.ssp-trade.eu\/katalog\/author\/"},"uagb_comment_info":0,"uagb_excerpt":"Ged\u00e4mpfte Br\u00f6tchen mit vegetarischer F\u00fcllung","_links":{"self":[{"href":"https:\/\/www.ssp-trade.eu\/katalog\/wp-json\/wp\/v2\/product\/8365","targetHints":{"allow":["GET"]}}],"collection":[{"href":"https:\/\/www.ssp-trade.eu\/katalog\/wp-json\/wp\/v2\/product"}],"about":[{"href":"https:\/\/www.ssp-trade.eu\/katalog\/wp-json\/wp\/v2\/types\/product"}],"wp:featuredmedia":[{"embeddable":true,"href":"https:\/\/www.ssp-trade.eu\/katalog\/wp-json\/wp\/v2\/media\/9699"}],"wp:attachment":[{"href":"https:\/\/www.ssp-trade.eu\/katalog\/wp-json\/wp\/v2\/media?parent=8365"}],"wp:term":[{"taxonomy":"product_brand","embeddable":true,"href":"https:\/\/www.ssp-trade.eu\/katalog\/wp-json\/wp\/v2\/product_brand?post=8365"},{"taxonomy":"product_cat","embeddable":true,"href":"https:\/\/www.ssp-trade.eu\/katalog\/wp-json\/wp\/v2\/product_cat?post=8365"},{"taxonomy":"product_tag","embeddable":true,"href":"https:\/\/www.ssp-trade.eu\/katalog\/wp-json\/wp\/v2\/product_tag?post=8365"}],"curies":[{"name":"wp","href":"https:\/\/api.w.org\/{rel}","templated":true}]}}