{"id":8102,"date":"2025-03-05T12:12:38","date_gmt":"2025-03-05T11:12:38","guid":{"rendered":"https:\/\/www.ssp-trade.eu\/katalog\/produkt\/mochikon-kuromitsu-kinako\/"},"modified":"2025-03-05T12:12:40","modified_gmt":"2025-03-05T11:12:40","slug":"mochikon-kuromitsu-kinako","status":"publish","type":"product","link":"https:\/\/www.ssp-trade.eu\/katalog\/produkt\/mochikon-kuromitsu-kinako\/","title":{"rendered":"MOCHIKON Kuromitsu Kinako"},"content":{"rendered":"<p>S\u00fc\u00dfspeise aus Konjak und Sojabohnenmehl, mit Zucker und S\u00fc\u00dfungsmitteln<\/p>\n","protected":false},"excerpt":{"rendered":"<p>S\u00fc\u00dfspeise aus Konjak und Sojabohnenmehl, mit Zucker und S\u00fc\u00dfungsmitteln<\/p>\n","protected":false},"featured_media":6818,"template":"","meta":{"_uag_custom_page_level_css":"","site-sidebar-layout":"default","site-content-layout":"","ast-site-content-layout":"default","site-content-style":"default","site-sidebar-style":"default","ast-global-header-display":"","ast-banner-title-visibility":"","ast-main-header-display":"","ast-hfb-above-header-display":"","ast-hfb-below-header-display":"","ast-hfb-mobile-header-display":"","site-post-title":"","ast-breadcrumbs-content":"","ast-featured-img":"","footer-sml-layout":"","theme-transparent-header-meta":"","adv-header-id-meta":"","stick-header-meta":"","header-above-stick-meta":"","header-main-stick-meta":"","header-below-stick-meta":"","astra-migrate-meta-layouts":"default","ast-page-background-enabled":"default","ast-page-background-meta":{"desktop":{"background-color":"","background-image":"","background-repeat":"repeat","background-position":"center center","background-size":"auto","background-attachment":"scroll","background-type":"","background-media":"","overlay-type":"","overlay-color":"","overlay-opacity":"","overlay-gradient":""},"tablet":{"background-color":"","background-image":"","background-repeat":"repeat","background-position":"center center","background-size":"auto","background-attachment":"scroll","background-type":"","background-media":"","overlay-type":"","overlay-color":"","overlay-opacity":"","overlay-gradient":""},"mobile":{"background-color":"","background-image":"","background-repeat":"repeat","background-position":"center center","background-size":"auto","background-attachment":"scroll","background-type":"","background-media":"","overlay-type":"","overlay-color":"","overlay-opacity":"","overlay-gradient":""}},"ast-content-background-meta":{"desktop":{"background-color":"var(--ast-global-color-5)","background-image":"","background-repeat":"repeat","background-position":"center center","background-size":"auto","background-attachment":"scroll","background-type":"","background-media":"","overlay-type":"","overlay-color":"","overlay-opacity":"","overlay-gradient":""},"tablet":{"background-color":"var(--ast-global-color-5)","background-image":"","background-repeat":"repeat","background-position":"center center","background-size":"auto","background-attachment":"scroll","background-type":"","background-media":"","overlay-type":"","overlay-color":"","overlay-opacity":"","overlay-gradient":""},"mobile":{"background-color":"var(--ast-global-color-5)","background-image":"","background-repeat":"repeat","background-position":"center center","background-size":"auto","background-attachment":"scroll","background-type":"","background-media":"","overlay-type":"","overlay-color":"","overlay-opacity":"","overlay-gradient":""}}},"product_brand":[116],"product_cat":[210,117,209],"product_tag":[],"class_list":{"0":"post-8102","1":"product","2":"type-product","3":"status-publish","4":"has-post-thumbnail","6":"product_brand-marukin","7":"product_cat-knabbereien-suessigkeiten","8":"product_cat-trockenprodukte","9":"product_cat-trockenes-konfekt","10":"desktop-align-center","11":"tablet-align-center","12":"mobile-align-center","14":"first","15":"instock","16":"product-type-simple"},"yoast_head":"<!-- This site is optimized with the Yoast SEO plugin v26.2 - https:\/\/yoast.com\/wordpress\/plugins\/seo\/ -->\n<title>MOCHIKON Kuromitsu Kinako - SSP - Webkatalog<\/title>\n<meta name=\"robots\" content=\"index, follow, max-snippet:-1, max-image-preview:large, max-video-preview:-1\" \/>\n<link rel=\"canonical\" href=\"https:\/\/www.ssp-trade.eu\/katalog\/produkt\/mochikon-kuromitsu-kinako\/\" \/>\n<meta property=\"og:locale\" content=\"de_DE\" \/>\n<meta property=\"og:type\" content=\"article\" \/>\n<meta property=\"og:title\" content=\"MOCHIKON Kuromitsu Kinako - SSP - Webkatalog\" \/>\n<meta property=\"og:description\" content=\"S\u00fc\u00dfspeise aus Konjak und Sojabohnenmehl, mit Zucker und S\u00fc\u00dfungsmitteln\" \/>\n<meta property=\"og:url\" content=\"https:\/\/www.ssp-trade.eu\/katalog\/produkt\/mochikon-kuromitsu-kinako\/\" \/>\n<meta property=\"og:site_name\" content=\"SSP - Webkatalog\" \/>\n<meta property=\"article:modified_time\" content=\"2025-03-05T11:12:40+00:00\" \/>\n<meta property=\"og:image\" content=\"https:\/\/www.ssp-trade.eu\/katalog\/wp-content\/uploads\/2025\/03\/N105.jpg\" \/>\n\t<meta property=\"og:image:width\" content=\"643\" \/>\n\t<meta property=\"og:image:height\" content=\"945\" \/>\n\t<meta property=\"og:image:type\" content=\"image\/jpeg\" \/>\n<meta name=\"twitter:card\" content=\"summary_large_image\" \/>\n<script type=\"application\/ld+json\" class=\"yoast-schema-graph\">{\"@context\":\"https:\/\/schema.org\",\"@graph\":[{\"@type\":\"WebPage\",\"@id\":\"https:\/\/www.ssp-trade.eu\/katalog\/produkt\/mochikon-kuromitsu-kinako\/\",\"url\":\"https:\/\/www.ssp-trade.eu\/katalog\/produkt\/mochikon-kuromitsu-kinako\/\",\"name\":\"MOCHIKON Kuromitsu Kinako - SSP - Webkatalog\",\"isPartOf\":{\"@id\":\"https:\/\/www.ssp-trade.eu\/katalog\/#website\"},\"primaryImageOfPage\":{\"@id\":\"https:\/\/www.ssp-trade.eu\/katalog\/produkt\/mochikon-kuromitsu-kinako\/#primaryimage\"},\"image\":{\"@id\":\"https:\/\/www.ssp-trade.eu\/katalog\/produkt\/mochikon-kuromitsu-kinako\/#primaryimage\"},\"thumbnailUrl\":\"https:\/\/www.ssp-trade.eu\/katalog\/wp-content\/uploads\/2025\/03\/N105.jpg\",\"datePublished\":\"2025-03-05T11:12:38+00:00\",\"dateModified\":\"2025-03-05T11:12:40+00:00\",\"breadcrumb\":{\"@id\":\"https:\/\/www.ssp-trade.eu\/katalog\/produkt\/mochikon-kuromitsu-kinako\/#breadcrumb\"},\"inLanguage\":\"de\",\"potentialAction\":[{\"@type\":\"ReadAction\",\"target\":[\"https:\/\/www.ssp-trade.eu\/katalog\/produkt\/mochikon-kuromitsu-kinako\/\"]}]},{\"@type\":\"ImageObject\",\"inLanguage\":\"de\",\"@id\":\"https:\/\/www.ssp-trade.eu\/katalog\/produkt\/mochikon-kuromitsu-kinako\/#primaryimage\",\"url\":\"https:\/\/www.ssp-trade.eu\/katalog\/wp-content\/uploads\/2025\/03\/N105.jpg\",\"contentUrl\":\"https:\/\/www.ssp-trade.eu\/katalog\/wp-content\/uploads\/2025\/03\/N105.jpg\",\"width\":643,\"height\":945},{\"@type\":\"BreadcrumbList\",\"@id\":\"https:\/\/www.ssp-trade.eu\/katalog\/produkt\/mochikon-kuromitsu-kinako\/#breadcrumb\",\"itemListElement\":[{\"@type\":\"ListItem\",\"position\":1,\"name\":\"Startseite\",\"item\":\"https:\/\/www.ssp-trade.eu\/katalog\/\"},{\"@type\":\"ListItem\",\"position\":2,\"name\":\"Produkte\",\"item\":\"https:\/\/www.ssp-trade.eu\/katalog\/produkte\/\"},{\"@type\":\"ListItem\",\"position\":3,\"name\":\"MOCHIKON Kuromitsu Kinako\"}]},{\"@type\":\"WebSite\",\"@id\":\"https:\/\/www.ssp-trade.eu\/katalog\/#website\",\"url\":\"https:\/\/www.ssp-trade.eu\/katalog\/\",\"name\":\"SSP - Webkatalog\",\"description\":\"\",\"publisher\":{\"@id\":\"https:\/\/www.ssp-trade.eu\/katalog\/#organization\"},\"potentialAction\":[{\"@type\":\"SearchAction\",\"target\":{\"@type\":\"EntryPoint\",\"urlTemplate\":\"https:\/\/www.ssp-trade.eu\/katalog\/?s={search_term_string}\"},\"query-input\":{\"@type\":\"PropertyValueSpecification\",\"valueRequired\":true,\"valueName\":\"search_term_string\"}}],\"inLanguage\":\"de\"},{\"@type\":\"Organization\",\"@id\":\"https:\/\/www.ssp-trade.eu\/katalog\/#organization\",\"name\":\"SSP - Webkatalog\",\"url\":\"https:\/\/www.ssp-trade.eu\/katalog\/\",\"logo\":{\"@type\":\"ImageObject\",\"inLanguage\":\"de\",\"@id\":\"https:\/\/www.ssp-trade.eu\/katalog\/#\/schema\/logo\/image\/\",\"url\":\"https:\/\/www.ssp-trade.eu\/katalog\/wp-content\/uploads\/2025\/01\/logo-1.png\",\"contentUrl\":\"https:\/\/www.ssp-trade.eu\/katalog\/wp-content\/uploads\/2025\/01\/logo-1.png\",\"width\":350,\"height\":177,\"caption\":\"SSP - Webkatalog\"},\"image\":{\"@id\":\"https:\/\/www.ssp-trade.eu\/katalog\/#\/schema\/logo\/image\/\"}}]}<\/script>\n<!-- \/ Yoast SEO plugin. -->","yoast_head_json":{"title":"MOCHIKON Kuromitsu Kinako - SSP - Webkatalog","robots":{"index":"index","follow":"follow","max-snippet":"max-snippet:-1","max-image-preview":"max-image-preview:large","max-video-preview":"max-video-preview:-1"},"canonical":"https:\/\/www.ssp-trade.eu\/katalog\/produkt\/mochikon-kuromitsu-kinako\/","og_locale":"de_DE","og_type":"article","og_title":"MOCHIKON Kuromitsu Kinako - SSP - Webkatalog","og_description":"S\u00fc\u00dfspeise aus Konjak und Sojabohnenmehl, mit Zucker und S\u00fc\u00dfungsmitteln","og_url":"https:\/\/www.ssp-trade.eu\/katalog\/produkt\/mochikon-kuromitsu-kinako\/","og_site_name":"SSP - Webkatalog","article_modified_time":"2025-03-05T11:12:40+00:00","og_image":[{"width":643,"height":945,"url":"https:\/\/www.ssp-trade.eu\/katalog\/wp-content\/uploads\/2025\/03\/N105.jpg","type":"image\/jpeg"}],"twitter_card":"summary_large_image","schema":{"@context":"https:\/\/schema.org","@graph":[{"@type":"WebPage","@id":"https:\/\/www.ssp-trade.eu\/katalog\/produkt\/mochikon-kuromitsu-kinako\/","url":"https:\/\/www.ssp-trade.eu\/katalog\/produkt\/mochikon-kuromitsu-kinako\/","name":"MOCHIKON Kuromitsu Kinako - SSP - Webkatalog","isPartOf":{"@id":"https:\/\/www.ssp-trade.eu\/katalog\/#website"},"primaryImageOfPage":{"@id":"https:\/\/www.ssp-trade.eu\/katalog\/produkt\/mochikon-kuromitsu-kinako\/#primaryimage"},"image":{"@id":"https:\/\/www.ssp-trade.eu\/katalog\/produkt\/mochikon-kuromitsu-kinako\/#primaryimage"},"thumbnailUrl":"https:\/\/www.ssp-trade.eu\/katalog\/wp-content\/uploads\/2025\/03\/N105.jpg","datePublished":"2025-03-05T11:12:38+00:00","dateModified":"2025-03-05T11:12:40+00:00","breadcrumb":{"@id":"https:\/\/www.ssp-trade.eu\/katalog\/produkt\/mochikon-kuromitsu-kinako\/#breadcrumb"},"inLanguage":"de","potentialAction":[{"@type":"ReadAction","target":["https:\/\/www.ssp-trade.eu\/katalog\/produkt\/mochikon-kuromitsu-kinako\/"]}]},{"@type":"ImageObject","inLanguage":"de","@id":"https:\/\/www.ssp-trade.eu\/katalog\/produkt\/mochikon-kuromitsu-kinako\/#primaryimage","url":"https:\/\/www.ssp-trade.eu\/katalog\/wp-content\/uploads\/2025\/03\/N105.jpg","contentUrl":"https:\/\/www.ssp-trade.eu\/katalog\/wp-content\/uploads\/2025\/03\/N105.jpg","width":643,"height":945},{"@type":"BreadcrumbList","@id":"https:\/\/www.ssp-trade.eu\/katalog\/produkt\/mochikon-kuromitsu-kinako\/#breadcrumb","itemListElement":[{"@type":"ListItem","position":1,"name":"Startseite","item":"https:\/\/www.ssp-trade.eu\/katalog\/"},{"@type":"ListItem","position":2,"name":"Produkte","item":"https:\/\/www.ssp-trade.eu\/katalog\/produkte\/"},{"@type":"ListItem","position":3,"name":"MOCHIKON Kuromitsu Kinako"}]},{"@type":"WebSite","@id":"https:\/\/www.ssp-trade.eu\/katalog\/#website","url":"https:\/\/www.ssp-trade.eu\/katalog\/","name":"SSP - Webkatalog","description":"","publisher":{"@id":"https:\/\/www.ssp-trade.eu\/katalog\/#organization"},"potentialAction":[{"@type":"SearchAction","target":{"@type":"EntryPoint","urlTemplate":"https:\/\/www.ssp-trade.eu\/katalog\/?s={search_term_string}"},"query-input":{"@type":"PropertyValueSpecification","valueRequired":true,"valueName":"search_term_string"}}],"inLanguage":"de"},{"@type":"Organization","@id":"https:\/\/www.ssp-trade.eu\/katalog\/#organization","name":"SSP - Webkatalog","url":"https:\/\/www.ssp-trade.eu\/katalog\/","logo":{"@type":"ImageObject","inLanguage":"de","@id":"https:\/\/www.ssp-trade.eu\/katalog\/#\/schema\/logo\/image\/","url":"https:\/\/www.ssp-trade.eu\/katalog\/wp-content\/uploads\/2025\/01\/logo-1.png","contentUrl":"https:\/\/www.ssp-trade.eu\/katalog\/wp-content\/uploads\/2025\/01\/logo-1.png","width":350,"height":177,"caption":"SSP - Webkatalog"},"image":{"@id":"https:\/\/www.ssp-trade.eu\/katalog\/#\/schema\/logo\/image\/"}}]}},"uagb_featured_image_src":{"full":["https:\/\/www.ssp-trade.eu\/katalog\/wp-content\/uploads\/2025\/03\/N105.jpg",643,945,false],"thumbnail":["https:\/\/www.ssp-trade.eu\/katalog\/wp-content\/uploads\/2025\/03\/N105-150x150.jpg",150,150,true],"medium":["https:\/\/www.ssp-trade.eu\/katalog\/wp-content\/uploads\/2025\/03\/N105-204x300.jpg",204,300,true],"medium_large":["https:\/\/www.ssp-trade.eu\/katalog\/wp-content\/uploads\/2025\/03\/N105.jpg",643,945,false],"large":["https:\/\/www.ssp-trade.eu\/katalog\/wp-content\/uploads\/2025\/03\/N105.jpg",643,945,false],"1536x1536":["https:\/\/www.ssp-trade.eu\/katalog\/wp-content\/uploads\/2025\/03\/N105.jpg",643,945,false],"2048x2048":["https:\/\/www.ssp-trade.eu\/katalog\/wp-content\/uploads\/2025\/03\/N105.jpg",643,945,false],"woocommerce_thumbnail":["https:\/\/www.ssp-trade.eu\/katalog\/wp-content\/uploads\/2025\/03\/N105-300x441.jpg",300,441,true],"woocommerce_single":["https:\/\/www.ssp-trade.eu\/katalog\/wp-content\/uploads\/2025\/03\/N105-600x882.jpg",600,882,true],"woocommerce_gallery_thumbnail":["https:\/\/www.ssp-trade.eu\/katalog\/wp-content\/uploads\/2025\/03\/N105-100x100.jpg",100,100,true]},"uagb_author_info":{"display_name":"credia","author_link":"https:\/\/www.ssp-trade.eu\/katalog\/author\/"},"uagb_comment_info":0,"uagb_excerpt":"S\u00fc\u00dfspeise aus Konjak und Sojabohnenmehl, mit Zucker und S\u00fc\u00dfungsmitteln","_links":{"self":[{"href":"https:\/\/www.ssp-trade.eu\/katalog\/wp-json\/wp\/v2\/product\/8102","targetHints":{"allow":["GET"]}}],"collection":[{"href":"https:\/\/www.ssp-trade.eu\/katalog\/wp-json\/wp\/v2\/product"}],"about":[{"href":"https:\/\/www.ssp-trade.eu\/katalog\/wp-json\/wp\/v2\/types\/product"}],"wp:featuredmedia":[{"embeddable":true,"href":"https:\/\/www.ssp-trade.eu\/katalog\/wp-json\/wp\/v2\/media\/6818"}],"wp:attachment":[{"href":"https:\/\/www.ssp-trade.eu\/katalog\/wp-json\/wp\/v2\/media?parent=8102"}],"wp:term":[{"taxonomy":"product_brand","embeddable":true,"href":"https:\/\/www.ssp-trade.eu\/katalog\/wp-json\/wp\/v2\/product_brand?post=8102"},{"taxonomy":"product_cat","embeddable":true,"href":"https:\/\/www.ssp-trade.eu\/katalog\/wp-json\/wp\/v2\/product_cat?post=8102"},{"taxonomy":"product_tag","embeddable":true,"href":"https:\/\/www.ssp-trade.eu\/katalog\/wp-json\/wp\/v2\/product_tag?post=8102"}],"curies":[{"name":"wp","href":"https:\/\/api.w.org\/{rel}","templated":true}]}}